{"id":2,"date":"2026-03-09T09:26:40","date_gmt":"2026-03-09T09:26:40","guid":{"rendered":"https:\/\/eventi.pesaronet.com\/?page_id=2"},"modified":"2026-03-11T10:39:56","modified_gmt":"2026-03-11T10:39:56","slug":"home-page","status":"publish","type":"page","link":"https:\/\/eventi.pesaronet.com\/","title":{"rendered":"Home Page"},"content":{"rendered":"\t\t<div data-elementor-type=\"wp-page\" data-elementor-id=\"2\" class=\"elementor elementor-2\" data-elementor-post-type=\"page\">\n\t\t\t\t<div class=\"elementor-element elementor-element-72f2fa88 elementor-hidden-tablet elementor-hidden-mobile e-flex e-con-boxed e-con e-parent\" data-id=\"72f2fa88\" data-element_type=\"container\" data-e-type=\"container\">\n\t\t\t\t\t<div class=\"e-con-inner\">\n\t\t\t\t<div class=\"elementor-element elementor-element-73f8ea2 elementor-widget elementor-widget-image\" data-id=\"73f8ea2\" data-element_type=\"widget\" data-e-type=\"widget\" data-widget_type=\"image.default\">\n\t\t\t\t\t\t\t\t\t\t\t\t\t\t\t<img fetchpriority=\"high\" decoding=\"async\" width=\"1185\" height=\"610\" src=\"https:\/\/eventi.pesaronet.com\/wp-content\/uploads\/2026\/03\/cybersecurity-personal-def2.jpg\" class=\"attachment-full size-full wp-image-53\" alt=\"\" srcset=\"https:\/\/eventi.pesaronet.com\/wp-content\/uploads\/2026\/03\/cybersecurity-personal-def2.jpg 1185w, https:\/\/eventi.pesaronet.com\/wp-content\/uploads\/2026\/03\/cybersecurity-personal-def2-300x154.jpg 300w, https:\/\/eventi.pesaronet.com\/wp-content\/uploads\/2026\/03\/cybersecurity-personal-def2-1024x527.jpg 1024w, https:\/\/eventi.pesaronet.com\/wp-content\/uploads\/2026\/03\/cybersecurity-personal-def2-768x395.jpg 768w\" sizes=\"(max-width: 1185px) 100vw, 1185px\" \/>\t\t\t\t\t\t\t\t\t\t\t\t\t\t\t<\/div>\n\t\t\t\t\t<\/div>\n\t\t\t\t<\/div>\n\t\t<div class=\"elementor-element elementor-element-53378ee e-con-full elementor-hidden-desktop e-flex e-con e-parent\" data-id=\"53378ee\" data-element_type=\"container\" data-e-type=\"container\">\n\t\t\t\t<div class=\"elementor-element elementor-element-741f739 elementor-widget elementor-widget-image\" data-id=\"741f739\" data-element_type=\"widget\" data-e-type=\"widget\" data-widget_type=\"image.default\">\n\t\t\t\t\t\t\t\t\t\t\t\t\t\t\t<img decoding=\"async\" width=\"955\" height=\"610\" src=\"https:\/\/eventi.pesaronet.com\/wp-content\/uploads\/2026\/03\/cybersecurity_def3.jpg\" class=\"attachment-full size-full wp-image-61\" alt=\"\" srcset=\"https:\/\/eventi.pesaronet.com\/wp-content\/uploads\/2026\/03\/cybersecurity_def3.jpg 955w, https:\/\/eventi.pesaronet.com\/wp-content\/uploads\/2026\/03\/cybersecurity_def3-300x192.jpg 300w, https:\/\/eventi.pesaronet.com\/wp-content\/uploads\/2026\/03\/cybersecurity_def3-768x491.jpg 768w\" sizes=\"(max-width: 955px) 100vw, 955px\" \/>\t\t\t\t\t\t\t\t\t\t\t\t\t\t\t<\/div>\n\t\t\t\t<\/div>\n\t\t<div class=\"elementor-element elementor-element-90caf21 e-flex e-con-boxed e-con e-parent\" data-id=\"90caf21\" data-element_type=\"container\" data-e-type=\"container\">\n\t\t\t\t\t<div class=\"e-con-inner\">\n\t\t\t\t<div class=\"elementor-element elementor-element-07ec2b5 elementor-hidden-desktop elementor-widget elementor-widget-button\" data-id=\"07ec2b5\" data-element_type=\"widget\" data-e-type=\"widget\" data-widget_type=\"button.default\">\n\t\t\t\t\t\t\t\t\t\t<a class=\"elementor-button elementor-button-link elementor-size-sm\" href=\"https:\/\/www.eventbrite.com\/e\/biglietti-cybersecurity-la-tua-azienda-e-davvero-al-sicuro-1977513348659?aff=personalcomputer\" target=\"_blank\" rel=\"noopener\">\n\t\t\t\t\t\t<span class=\"elementor-button-content-wrapper\">\n\t\t\t\t\t\t\t\t\t<span class=\"elementor-button-text\">RISERVA IL TUO POSTO!<\/span>\n\t\t\t\t\t<\/span>\n\t\t\t\t\t<\/a>\n\t\t\t\t\t\t\t\t<\/div>\n\t\t\t\t\t<\/div>\n\t\t\t\t<\/div>\n\t\t<div class=\"elementor-element elementor-element-96e5d32 e-flex e-con-boxed e-con e-parent\" data-id=\"96e5d32\" data-element_type=\"container\" data-e-type=\"container\">\n\t\t\t\t\t<div class=\"e-con-inner\">\n\t\t<div class=\"elementor-element elementor-element-b4d041f e-con-full e-flex e-con e-child\" data-id=\"b4d041f\" data-element_type=\"container\" data-e-type=\"container\">\n\t\t\t\t<div class=\"elementor-element elementor-element-93a2b1f elementor-widget elementor-widget-heading\" data-id=\"93a2b1f\" data-element_type=\"widget\" data-e-type=\"widget\" data-widget_type=\"heading.default\">\n\t\t\t\t\t<h1 class=\"elementor-heading-title elementor-size-default\">Cybersecurity: la tua azienda \u00e8 davvero al sicuro?<\/h1>\t\t\t\t<\/div>\n\t\t\t\t<div class=\"elementor-element elementor-element-7a87a35 elementor-widget elementor-widget-heading\" data-id=\"7a87a35\" data-element_type=\"widget\" data-e-type=\"widget\" data-widget_type=\"heading.default\">\n\t\t\t\t\t<h3 class=\"elementor-heading-title elementor-size-default\">Panoramica<\/h3>\t\t\t\t<\/div>\n\t\t\t\t<div class=\"elementor-element elementor-element-9737a70 elementor-widget elementor-widget-text-editor\" data-id=\"9737a70\" data-element_type=\"widget\" data-e-type=\"widget\" data-widget_type=\"text-editor.default\">\n\t\t\t\t\t\t\t\t\t<div class=\"AboutThisEventEmbedded_container__wdFiD\"><div class=\"StructuredModuleRenderer_structuredContent__k7mNB StructuredModuleRenderer_text__GaXOv\" data-testid=\"text-content\"><div><p>Rischi e costi di un attacco informatico alla tua impresa<\/p><\/div><\/div><div class=\"StructuredModuleRenderer_structuredContent__k7mNB StructuredModuleRenderer_text__GaXOv\" data-testid=\"text-content\"><div><p><strong>Un evento gratuito a Pesaro per sensibilizzare sulla sulla sicurezza informatica quotidiana in azienda, dedicato a chi fa impresa e a chi gestisce processi IT<\/strong>. <br \/>Una tavola rotonda con professionisti della sicurezza, tecnici informatici e soluzioni<br \/>di cybersecurity moderato dalla giornalista Letizia Magnani.<\/p><p><strong>Attacchi cyber sempre pi\u00f9 frequenti e bloccanti<\/strong><\/p><p>In Italia gli attacchi cyber crescono del 15% ogni anno: subiamo il 10% delle minacce globali. La pericolosit\u00e0 \u00e8 massima, con costi che si aggirano tra il 5% e il 7 % del fatturato. Proteggere l\u2019organizzazione significa garantire serenit\u00e0 a professionisti e professioniste, assicurando continuit\u00e0 a tutto il team.<\/p><p><strong>Perch\u00e8 dovrebbero attaccare la mia azienda?!<\/strong><\/p><p>Potrai pensare: \u201cNon abbiamo segreti industriali, perch\u00e9 dovrebbero perdere tempo con noi?\u201d.<\/p><p>La realt\u00e0 \u00e8 che il cybercrime \u00e8 diventato un\u2019industria automatizzata. Vengono attaccate intere filiere produttive, bloccandole per poi chiedere riscatti: i dati del tuo team e della tua clientela sono \u201coro\u201d, hanno un valore immenso sul Dark Web.<\/p><p><strong>Programma<\/strong><\/p><p><strong>14:30<\/strong> Inizio registrazione dei partecipanti.<\/p><p><strong>15:00<\/strong> Tavola rotonda e speech dei relatori.<\/p><p>Interverranno tecnici informatici e di sicurezza informatica, assicuratori e professionisti della privacy.<\/p><p><strong>17:30<\/strong> Aperitivo e saluti.<\/p><p>Dettaglio programma e info relatori <a title=\"https:\/\/www.nethesis.it\/landing\/evento_cybersecurity_pesaro\" href=\"https:\/\/www.eventbrite.com\/e\/biglietti-cybersecurity-la-tua-azienda-e-davvero-al-sicuro-1977513348659?aff=personalcomputer\" target=\"_blank\" rel=\"nofollow noopener noreferrer\" data-msys-clicktrack=\"0\">sul sito<\/a>.<\/p><p><strong>Evento in collaborazione con <\/strong>: <a title=\"https:\/\/www.eset.com\/it\/\" href=\"https:\/\/www.eset.com\/it\/\" target=\"_blank\" rel=\"nofollow noopener noreferrer\" data-msys-clicktrack=\"0\">Eset<\/a>, <a title=\"https:\/\/www.agenzie.generali.it\/urbino\" href=\"https:\/\/www.agenzie.generali.it\/urbino\" target=\"_blank\" rel=\"nofollow noopener noreferrer\" data-msys-clicktrack=\"0\">Generali Italia Spa Agenzia Generale di Urbino<\/a>, <a title=\"https:\/\/www.itersicurezza.it\/\" href=\"https:\/\/www.itersicurezza.it\/\" target=\"_blank\" rel=\"nofollow noopener noreferrer\" data-msys-clicktrack=\"0\">Iter Sicurezza<\/a>.<\/p><p><em><strong>Evento gratuito su invito dedicato alle aziende.<\/strong><\/em><\/p><\/div><\/div><\/div>\t\t\t\t\t\t\t\t<\/div>\n\t\t\t\t<\/div>\n\t\t<div class=\"elementor-element elementor-element-9b41332 e-con-full e-flex e-con e-child\" data-id=\"9b41332\" data-element_type=\"container\" data-e-type=\"container\">\n\t\t\t\t<div class=\"elementor-element elementor-element-3b4a900 elementor-widget elementor-widget-button\" data-id=\"3b4a900\" data-element_type=\"widget\" data-e-type=\"widget\" data-widget_type=\"button.default\">\n\t\t\t\t\t\t\t\t\t\t<a class=\"elementor-button elementor-button-link elementor-size-sm\" href=\"https:\/\/www.eventbrite.com\/e\/biglietti-cybersecurity-la-tua-azienda-e-davvero-al-sicuro-1977513348659?aff=personalcomputer\" target=\"_blank\" rel=\"noopener\">\n\t\t\t\t\t\t<span class=\"elementor-button-content-wrapper\">\n\t\t\t\t\t\t\t\t\t<span class=\"elementor-button-text\">RISERVA IL TUO POSTO!<\/span>\n\t\t\t\t\t<\/span>\n\t\t\t\t\t<\/a>\n\t\t\t\t\t\t\t\t<\/div>\n\t\t\t\t<div class=\"elementor-element elementor-element-1610805 elementor-widget elementor-widget-text-editor\" data-id=\"1610805\" data-element_type=\"widget\" data-e-type=\"widget\" data-widget_type=\"text-editor.default\">\n\t\t\t\t\t\t\t\t\t<ul>\n<li class=\"Highlights_highlightItem__1djuo\">Marted\u00ec 24 marzo 2026<\/li>\n<li class=\"Highlights_highlightItem__1djuo\"><strong>Evento gratuito<\/strong> su invito<\/li>\n<\/ul>\t\t\t\t\t\t\t\t<\/div>\n\t\t\t\t<div class=\"elementor-element elementor-element-905a89b elementor-widget elementor-widget-heading\" data-id=\"905a89b\" data-element_type=\"widget\" data-e-type=\"widget\" data-widget_type=\"heading.default\">\n\t\t\t\t\t<h3 class=\"elementor-heading-title elementor-size-default\">Durata<\/h3>\t\t\t\t<\/div>\n\t\t\t\t<div class=\"elementor-element elementor-element-7dd6f4d elementor-widget elementor-widget-text-editor\" data-id=\"7dd6f4d\" data-element_type=\"widget\" data-e-type=\"widget\" data-widget_type=\"text-editor.default\">\n\t\t\t\t\t\t\t\t\t<ul>\n<li class=\"Highlights_highlightItem__1djuo\"><i class=\"Icon_root__1kdkz Icon_icon-xsmall__1kdkz\" aria-hidden=\"true\"><\/i>2 ore 30 minuti<\/li>\n<li class=\"Highlights_highlightItem__1djuo\">In presenza<\/li>\n<li class=\"Highlights_highlightItem__1djuo\">Ingresso alle 14:30<\/li>\n<\/ul>\t\t\t\t\t\t\t\t<\/div>\n\t\t\t\t<div class=\"elementor-element elementor-element-35f1eb7 elementor-widget elementor-widget-heading\" data-id=\"35f1eb7\" data-element_type=\"widget\" data-e-type=\"widget\" data-widget_type=\"heading.default\">\n\t\t\t\t\t<h3 class=\"elementor-heading-title elementor-size-default\">Location<\/h3>\t\t\t\t<\/div>\n\t\t\t\t<div class=\"elementor-element elementor-element-1899abe elementor-widget elementor-widget-text-editor\" data-id=\"1899abe\" data-element_type=\"widget\" data-e-type=\"widget\" data-widget_type=\"text-editor.default\">\n\t\t\t\t\t\t\t\t\t<ul>\n<li>Della Chiara Workspaces<\/li>\n<li>Strada della Selva Grossa,<br \/>61010 Tavullia (PU)<\/li>\n<\/ul>\t\t\t\t\t\t\t\t<\/div>\n\t\t\t\t<div class=\"elementor-element elementor-element-f923aa0 elementor-widget elementor-widget-google_maps\" data-id=\"f923aa0\" data-element_type=\"widget\" data-e-type=\"widget\" data-widget_type=\"google_maps.default\">\n\t\t\t\t\t\t\t<div class=\"elementor-custom-embed\">\n\t\t\t<iframe loading=\"lazy\"\n\t\t\t\t\tsrc=\"https:\/\/maps.google.com\/maps?q=della%20chiara%20workspaces&#038;t=m&#038;z=14&#038;output=embed&#038;iwloc=near\"\n\t\t\t\t\ttitle=\"della chiara workspaces\"\n\t\t\t\t\taria-label=\"della chiara workspaces\"\n\t\t\t><\/iframe>\n\t\t<\/div>\n\t\t\t\t\t\t<\/div>\n\t\t\t\t<div class=\"elementor-element elementor-element-3b140e7 elementor-widget elementor-widget-button\" data-id=\"3b140e7\" data-element_type=\"widget\" data-e-type=\"widget\" data-widget_type=\"button.default\">\n\t\t\t\t\t\t\t\t\t\t<a class=\"elementor-button elementor-button-link elementor-size-sm\" href=\"https:\/\/www.eventbrite.com\/e\/biglietti-cybersecurity-la-tua-azienda-e-davvero-al-sicuro-1977513348659?aff=personalcomputer\" target=\"_blank\" rel=\"noopener\">\n\t\t\t\t\t\t<span class=\"elementor-button-content-wrapper\">\n\t\t\t\t\t\t\t\t\t<span class=\"elementor-button-text\">RISERVA IL TUO POSTO!<\/span>\n\t\t\t\t\t<\/span>\n\t\t\t\t\t<\/a>\n\t\t\t\t\t\t\t\t<\/div>\n\t\t\t\t<\/div>\n\t\t\t\t\t<\/div>\n\t\t\t\t<\/div>\n\t\t\t\t<\/div>\n\t\t","protected":false},"excerpt":{"rendered":"<p>RISERVA IL TUO POSTO! Cybersecurity: la tua azienda \u00e8 davvero al sicuro? Panoramica Rischi e costi di un attacco informatico alla tua impresa Un evento gratuito a Pesaro per sensibilizzare sulla sulla sicurezza informatica quotidiana in azienda, dedicato a chi fa impresa e a chi gestisce processi IT. Una tavola rotonda con professionisti della sicurezza, [&hellip;]<\/p>\n","protected":false},"author":1,"featured_media":0,"parent":0,"menu_order":0,"comment_status":"closed","ping_status":"closed","template":"","meta":{"footnotes":""},"class_list":["post-2","page","type-page","status-publish","hentry"],"_links":{"self":[{"href":"https:\/\/eventi.pesaronet.com\/index.php?rest_route=\/wp\/v2\/pages\/2","targetHints":{"allow":["GET"]}}],"collection":[{"href":"https:\/\/eventi.pesaronet.com\/index.php?rest_route=\/wp\/v2\/pages"}],"about":[{"href":"https:\/\/eventi.pesaronet.com\/index.php?rest_route=\/wp\/v2\/types\/page"}],"author":[{"embeddable":true,"href":"https:\/\/eventi.pesaronet.com\/index.php?rest_route=\/wp\/v2\/users\/1"}],"replies":[{"embeddable":true,"href":"https:\/\/eventi.pesaronet.com\/index.php?rest_route=%2Fwp%2Fv2%2Fcomments&post=2"}],"version-history":[{"count":40,"href":"https:\/\/eventi.pesaronet.com\/index.php?rest_route=\/wp\/v2\/pages\/2\/revisions"}],"predecessor-version":[{"id":64,"href":"https:\/\/eventi.pesaronet.com\/index.php?rest_route=\/wp\/v2\/pages\/2\/revisions\/64"}],"wp:attachment":[{"href":"https:\/\/eventi.pesaronet.com\/index.php?rest_route=%2Fwp%2Fv2%2Fmedia&parent=2"}],"curies":[{"name":"wp","href":"https:\/\/api.w.org\/{rel}","templated":true}]}}